{"id":71,"date":"2023-03-04T10:28:17","date_gmt":"2023-03-04T15:28:17","guid":{"rendered":"http:\/\/www.inspectionsh.com\/?page_id=71"},"modified":"2024-03-04T08:06:31","modified_gmt":"2024-03-04T13:06:31","slug":"rapport-dinspection","status":"publish","type":"page","link":"https:\/\/www.inspectionsh.com\/index.php\/rapport-dinspection\/","title":{"rendered":"Rapport d&rsquo;inspection"},"content":{"rendered":"\n<p>Lors d&rsquo;une inspection, l&rsquo;inspecteur v\u00e9rifie l&rsquo;ensemble des composants visibles et accessibles du b\u00e2timent en respect de la norme de pratique de l<a href=\"http:\/\/www.inspectionsh.com\/index.php\/association-des-inspecteurs-en-batiment-du-quebec\/\">&lsquo;Association des inspecteurs en b\u00e2timent du Qu\u00e9bec<\/a> et de la convention de services \u00e9tablie avec son client. Les composants inspect\u00e9s peuvent varier selon le type de propri\u00e9t\u00e9 et les \u00e9quipements pr\u00e9sents dans le b\u00e2timent, cependant elles sont regroup\u00e9es en cat\u00e9gories dans le rapport d&rsquo;inspection, afin d&rsquo;en faciliter la lecture et la compr\u00e9hension. Le rapport r\u00e9dig\u00e9 en fran\u00e7ais est produit sous 48 heures \u00e0 compter de la fin de l&rsquo;inspection. Des traductions dans d&rsquo;autres langues sont aussi disponibles sur demandes.<\/p>\n\n\n\n<p>Le rapport est structur\u00e9 sous les neuf (9) cat\u00e9gories suivantes, regroupant \u00e0 leur tour, les diff\u00e9rentes composantes du b\u00e2timent inspect\u00e9. <\/p>\n\n\n\n<ul class=\"wp-block-list\">\n<li>Structure<\/li>\n\n\n\n<li>Ext\u00e9rieur<\/li>\n\n\n\n<li>Toiture<\/li>\n\n\n\n<li>Plomberie<\/li>\n\n\n\n<li>\u00c9lectricit\u00e9<\/li>\n\n\n\n<li>Climatisation et pompe \u00e0 chaleur<\/li>\n\n\n\n<li>Int\u00e9rieur<\/li>\n\n\n\n<li>Isolation et ventilation<\/li>\n\n\n\n<li>S\u00e9curit\u00e9<\/li>\n<\/ul>\n\n\n\n<p>Pour chaque anomalie rencontr\u00e9e, l\u2019inspecteur \u00e9met des commentaires en d\u00e9crivant ses observations, la composante impact\u00e9e, les cons\u00e9quences visibles ou probables, ainsi qu&rsquo;une recommandation sur l&rsquo;action \u00e0 apporter. Chaque constat est accompagn\u00e9 d&rsquo;une ou plusieurs photos ainsi que d&rsquo;une ic\u00f4ne facilement identifiable, permettant rapidement d&rsquo;en d\u00e9terminer la s\u00e9v\u00e9rit\u00e9. Un tableau r\u00e9capitulatif des anomalies subdivis\u00e9 par cat\u00e9gories est aussi pr\u00e9sent au d\u00e9but du rapport, permettant d&rsquo;obtenir d&rsquo;un seul coup d\u2019\u0153il, une vue d&rsquo;ensemble des constats inclus dans le rapport. Les ic\u00f4nes utilis\u00e9es dans nos rapports sont les suivants:<\/p>\n\n\n\n<div class=\"wp-block-columns is-layout-flex wp-container-core-columns-is-layout-9d6595d7 wp-block-columns-is-layout-flex\">\n<div class=\"wp-block-column is-layout-flow wp-block-column-is-layout-flow\" style=\"flex-basis:3%\"><\/div>\n\n\n\n<div class=\"wp-block-column is-layout-flow wp-block-column-is-layout-flow\" style=\"flex-basis:94%\">\n<figure class=\"wp-block-table alignleft is-style-stripes\"><table><tbody><tr><td><img loading=\"lazy\" decoding=\"async\" width=\"48\" height=\"48\" class=\"wp-image-556\" style=\"width: 48px;\" src=\"http:\/\/www.inspectionsh.com\/wp-content\/uploads\/2023\/03\/OK.png\" alt=\"\"><\/td><td class=\"has-text-align-left\" data-align=\"left\">Ok<\/td><td>Note ou simple commentaire ayant peu d&rsquo;incidence sur l&rsquo;int\u00e9grit\u00e9 du b\u00e2timent.<\/td><\/tr><tr><td><img loading=\"lazy\" decoding=\"async\" width=\"48\" height=\"48\" class=\"wp-image-560\" style=\"width: 48px;\" src=\"http:\/\/www.inspectionsh.com\/wp-content\/uploads\/2023\/03\/Warning.png\" alt=\"\"><\/td><td class=\"has-text-align-left\" data-align=\"left\">Avertissement<\/td><td>Point n\u00e9cessitant une attention particuli\u00e8re, ou une condition particuli\u00e8re que l&rsquo;inspecteur tient \u00e0 mettre en \u00e9vidence.<\/td><\/tr><tr><td><img loading=\"lazy\" decoding=\"async\" width=\"48\" height=\"48\" class=\"wp-image-558\" style=\"width: 48px;\" src=\"http:\/\/www.inspectionsh.com\/wp-content\/uploads\/2023\/03\/Surveiller.png\" alt=\"\"><\/td><td class=\"has-text-align-left\" data-align=\"left\">Surveillance recommand\u00e9e<\/td><td>Composante \u00e0 v\u00e9rifier. Un examen suivi de la composante est n\u00e9cessaire afin de surveiller l&rsquo;\u00e9volution d&rsquo;une condition particuli\u00e8re.<\/td><\/tr><tr><td><img loading=\"lazy\" decoding=\"async\" width=\"48\" height=\"48\" class=\"wp-image-551\" style=\"width: 48px;\" src=\"http:\/\/www.inspectionsh.com\/wp-content\/uploads\/2023\/03\/A-Corriger.png\" alt=\"\"><\/td><td class=\"has-text-align-left\" data-align=\"left\">D\u00e9faut \u00e0 corriger<\/td><td>Probl\u00e8me \u00e0 corriger. Afin de pr\u00e9venir l&rsquo;apparition de probl\u00e8mes plus s\u00e9rieux, des corrections devraient \u00eatre effectu\u00e9es.<\/td><\/tr><tr><td><img loading=\"lazy\" decoding=\"async\" width=\"48\" height=\"48\" class=\"wp-image-559\" style=\"width: 48px;\" src=\"http:\/\/www.inspectionsh.com\/wp-content\/uploads\/2023\/03\/Urgent.png\" alt=\"\"><\/td><td class=\"has-text-align-left\" data-align=\"left\">R\u00e9paration urgente<\/td><td>Probl\u00e8me \u00e0 corriger imm\u00e9diatement. Une r\u00e9paration urgente ou une correction importante est \u00e0 faire en priorit\u00e9.<\/td><\/tr><tr><td><img loading=\"lazy\" decoding=\"async\" width=\"48\" height=\"48\" class=\"wp-image-553\" style=\"width: 48px;\" src=\"http:\/\/www.inspectionsh.com\/wp-content\/uploads\/2023\/03\/Expertise.png\" alt=\"\"><\/td><td class=\"has-text-align-left\" data-align=\"left\">Expertise recommand\u00e9e<\/td><td>Une investigation suppl\u00e9mentaire par un sp\u00e9cialiste ou un expert est recommand\u00e9e afin de d\u00e9terminer avec plus d&rsquo;exactitude l&rsquo;ampleur d&rsquo;un probl\u00e8me ou d\u2019une situation.<\/td><\/tr><tr><td><img loading=\"lazy\" decoding=\"async\" width=\"48\" height=\"48\" class=\"wp-image-552\" style=\"width: 48px;\" src=\"http:\/\/www.inspectionsh.com\/wp-content\/uploads\/2023\/03\/Danger.png\" alt=\"\"><\/td><td class=\"has-text-align-left\" data-align=\"left\">Danger potentiel<\/td><td>Recommandation touchant la sant\u00e9 ou la s\u00e9curit\u00e9 des personnes. Une correction est conseill\u00e9e afin de r\u00e9duire les risques d&rsquo;accident, ou encore des implications n\u00e9gatives sur la sant\u00e9.<\/td><\/tr><\/tbody><\/table><\/figure>\n<\/div>\n\n\n\n<div class=\"wp-block-column is-layout-flow wp-block-column-is-layout-flow\" style=\"flex-basis:3%\"><\/div>\n<\/div>\n\n\n\n<p>Des notes sont aussi ajout\u00e9es au rapport afin de vous informer sur certaines composantes de votre propri\u00e9t\u00e9 ou concernant leur entretien.Une fois que vous avez pris connaissance du rapport, nous demeurons disponibles pour r\u00e9pondre \u00e0 vos questions.<\/p>\n","protected":false},"excerpt":{"rendered":"<p>Lors d&rsquo;une inspection, l&rsquo;inspecteur v\u00e9rifie l&rsquo;ensemble des composants visibles et accessibles du b\u00e2timent en respect de la norme de pratique de l&lsquo;Association des inspecteurs en b\u00e2timent du Qu\u00e9bec et de la convention de services \u00e9tablie avec son client. Les composants inspect\u00e9s peuvent varier selon le type de propri\u00e9t\u00e9 et les &hellip;<\/p>\n","protected":false},"author":1,"featured_media":0,"parent":0,"menu_order":0,"comment_status":"closed","ping_status":"closed","template":"","meta":{"footnotes":""},"class_list":["post-71","page","type-page","status-publish","hentry"],"_links":{"self":[{"href":"https:\/\/www.inspectionsh.com\/index.php\/wp-json\/wp\/v2\/pages\/71","targetHints":{"allow":["GET"]}}],"collection":[{"href":"https:\/\/www.inspectionsh.com\/index.php\/wp-json\/wp\/v2\/pages"}],"about":[{"href":"https:\/\/www.inspectionsh.com\/index.php\/wp-json\/wp\/v2\/types\/page"}],"author":[{"embeddable":true,"href":"https:\/\/www.inspectionsh.com\/index.php\/wp-json\/wp\/v2\/users\/1"}],"replies":[{"embeddable":true,"href":"https:\/\/www.inspectionsh.com\/index.php\/wp-json\/wp\/v2\/comments?post=71"}],"version-history":[{"count":29,"href":"https:\/\/www.inspectionsh.com\/index.php\/wp-json\/wp\/v2\/pages\/71\/revisions"}],"predecessor-version":[{"id":977,"href":"https:\/\/www.inspectionsh.com\/index.php\/wp-json\/wp\/v2\/pages\/71\/revisions\/977"}],"wp:attachment":[{"href":"https:\/\/www.inspectionsh.com\/index.php\/wp-json\/wp\/v2\/media?parent=71"}],"curies":[{"name":"wp","href":"https:\/\/api.w.org\/{rel}","templated":true}]}}