{"id":7,"date":"2023-02-26T14:17:19","date_gmt":"2023-02-26T19:17:19","guid":{"rendered":"http:\/\/www.inspectionsh.com\/?page_id=7"},"modified":"2024-03-04T08:07:06","modified_gmt":"2024-03-04T13:07:06","slug":"inspection-preachat","status":"publish","type":"page","link":"https:\/\/www.inspectionsh.com\/index.php\/inspection-preachat\/","title":{"rendered":"Inspection pr\u00e9achat"},"content":{"rendered":"\n<div class=\"wp-block-columns is-layout-flex wp-container-core-columns-is-layout-9d6595d7 wp-block-columns-is-layout-flex\">\n<div class=\"wp-block-column is-layout-flow wp-block-column-is-layout-flow\" style=\"flex-basis:50%\">\n<p>L&rsquo;inspection en b\u00e2timent est primordiale lors de l&rsquo;achat d&rsquo;une propri\u00e9t\u00e9. Bien que la loi ne vous oblige pas \u00e0 retenir les services d\u2019un inspecteur pour cette \u00e9tape, elle vous oblige cependant \u00e0 agir avec prudence et diligence. Lorsqu\u2019une promesse d\u2019achat est pr\u00e9sent\u00e9e \u00e0 un vendeur, elle est souvent accompagn\u00e9e d\u2019une clause qui pr\u00e9voit une inspection de la propri\u00e9t\u00e9 avant de finaliser la transaction. <\/p>\n\n\n\n<p>L&rsquo;inspection a pour but de vous informer sur les d\u00e9sordres apparents, causant ou ayant un potentiel de causer un pr\u00e9judice au b\u00e2timent, en plus de vous permet d&rsquo;en conna\u00eetre la conformit\u00e9 ou celle de ses composantes. Une inspection visuelle ne permet cependant pas de pr\u00e9voir les conditions futures du b\u00e2timent et ne peut pas n\u00e9cessairement d\u00e9tecter tous les probl\u00e8mes existants. <\/p>\n\n\n\n<p>Le r\u00f4le de l\u2019inspecteur en b\u00e2timent est de vous accompagner et d&rsquo;effectuer cette intervention en respect de normes pr\u00e9cises \u00e9tablies par l&rsquo;<a href=\"http:\/\/www.inspectionsh.com\/index.php\/association-des-inspecteurs-en-batiment-du-quebec\">association des inspecteurs en b\u00e2timents du Qu\u00e9bec.<\/a> Lorsqu&rsquo;il est pr\u00e9sent avec son inspecteur, l\u2019acheteur peut se familiariser avec sa future propri\u00e9t\u00e9 et recevoir des r\u00e9ponses pr\u00e9cises \u00e0 ses questions, contribuant ainsi \u00e0 r\u00e9duire consid\u00e9rablement son anxi\u00e9t\u00e9 et facilitant la prise d&rsquo;une d\u00e9cision \u00e9clair\u00e9e.<\/p>\n\n\n\n<p>Une fois l&rsquo;inspection termin\u00e9e, un<a href=\"http:\/\/www.inspectionsh.com\/index.php\/rapport-dinspection\/\"> rapport d\u00e9taill\u00e9 avec photos<\/a> est transmis \u00e0 l&rsquo;acheteur sous 48h, expliquant en d\u00e9tail les d\u00e9ficiences identifi\u00e9es. Ce document pourra servir afin de ren\u00e9gocier le prix d\u2019achat, faire effectuer des correctifs par le vendeur, ou m\u00eame annuler une promesse d\u2019achat. Certains acheteurs l&rsquo;utilisent aussi comme une liste de suivi des correctifs \u00e0 apporter apr\u00e8s l&rsquo;achat.<\/p>\n<\/div>\n\n\n\n<div class=\"wp-block-column is-vertically-aligned-center is-layout-flow wp-block-column-is-layout-flow\" style=\"flex-basis:50%\">\n<div class=\"wp-block-group is-vertical is-layout-flex wp-container-core-group-is-layout-8cf370e7 wp-block-group-is-layout-flex\">\n<figure class=\"wp-block-image size-large\"><img decoding=\"async\" src=\"http:\/\/www.inspectionsh.com\/wp-content\/uploads\/2023\/04\/PA_2.jpg\" alt=\"\"\/><\/figure>\n\n\n\n<figure class=\"wp-block-image size-large is-resized\"><img decoding=\"async\" src=\"http:\/\/www.inspectionsh.com\/wp-content\/uploads\/2023\/04\/Acc_pachat.jpg\" alt=\"\" style=\"width:450px;height:301px\"\/><\/figure>\n<\/div>\n<\/div>\n<\/div>\n","protected":false},"excerpt":{"rendered":"<p>L&rsquo;inspection en b\u00e2timent est primordiale lors de l&rsquo;achat d&rsquo;une propri\u00e9t\u00e9. Bien que la loi ne vous oblige pas \u00e0 retenir les services d\u2019un inspecteur pour cette \u00e9tape, elle vous oblige cependant \u00e0 agir avec prudence et diligence. Lorsqu\u2019une promesse d\u2019achat est pr\u00e9sent\u00e9e \u00e0 un vendeur, elle est souvent accompagn\u00e9e d\u2019une &hellip;<\/p>\n","protected":false},"author":1,"featured_media":0,"parent":0,"menu_order":1,"comment_status":"closed","ping_status":"closed","template":"","meta":{"footnotes":""},"class_list":["post-7","page","type-page","status-publish","hentry"],"_links":{"self":[{"href":"https:\/\/www.inspectionsh.com\/index.php\/wp-json\/wp\/v2\/pages\/7","targetHints":{"allow":["GET"]}}],"collection":[{"href":"https:\/\/www.inspectionsh.com\/index.php\/wp-json\/wp\/v2\/pages"}],"about":[{"href":"https:\/\/www.inspectionsh.com\/index.php\/wp-json\/wp\/v2\/types\/page"}],"author":[{"embeddable":true,"href":"https:\/\/www.inspectionsh.com\/index.php\/wp-json\/wp\/v2\/users\/1"}],"replies":[{"embeddable":true,"href":"https:\/\/www.inspectionsh.com\/index.php\/wp-json\/wp\/v2\/comments?post=7"}],"version-history":[{"count":25,"href":"https:\/\/www.inspectionsh.com\/index.php\/wp-json\/wp\/v2\/pages\/7\/revisions"}],"predecessor-version":[{"id":978,"href":"https:\/\/www.inspectionsh.com\/index.php\/wp-json\/wp\/v2\/pages\/7\/revisions\/978"}],"wp:attachment":[{"href":"https:\/\/www.inspectionsh.com\/index.php\/wp-json\/wp\/v2\/media?parent=7"}],"curies":[{"name":"wp","href":"https:\/\/api.w.org\/{rel}","templated":true}]}}