{"id":69,"date":"2023-03-04T10:19:44","date_gmt":"2023-03-04T15:19:44","guid":{"rendered":"http:\/\/www.inspectionsh.com\/?page_id=69"},"modified":"2024-03-04T08:04:13","modified_gmt":"2024-03-04T13:04:13","slug":"association-des-inspecteurs-en-batiment-du-quebec","status":"publish","type":"page","link":"https:\/\/www.inspectionsh.com\/index.php\/association-des-inspecteurs-en-batiment-du-quebec\/","title":{"rendered":"Association des Inspecteurs en B\u00e2timent du Qu\u00e9bec"},"content":{"rendered":"\n<div class=\"wp-block-group is-vertical is-content-justification-center is-nowrap is-layout-flex wp-container-core-group-is-layout-73832be3 wp-block-group-is-layout-flex\">\n<p style=\"margin-top:0;margin-right:0;margin-bottom:0;margin-left:0;padding-top:0;padding-right:0;padding-bottom:0;padding-left:0\">L\u2019inspection de b\u00e2timents r\u00e9sidentiels est une discipline unique et distincte des autres disciplines comme la construction, l\u2019ing\u00e9nierie, l\u2019architecture, l\u2019\u00e9valuation immobili\u00e8re ou l\u2019inspection municipale. \u00c9tant membre de l&rsquo;AIBQ, vous \u00eates assur\u00e9 que nos inspections respectent des normes strictes. Afin d&rsquo;\u00eatre reconnus comme inspecteur, les membres doivent r\u00e9ussir des examens permettant de mesurer leurs connaissances et suivre de la formation continue sur une base annuelle. Tous les inspecteurs membres doivent aussi obligatoirement \u00eatre couverts par une <strong><em><mark style=\"background-color:rgba(0, 0, 0, 0)\" class=\"has-inline-color has-accent-1-color\">assurance responsabilit\u00e9 professionnelle<\/mark><\/em><\/strong>, afin de pouvoir exercer.<\/p>\n\n\n<div class=\"wp-block-image\">\n<figure class=\"aligncenter size-large\"><a href=\"https:\/\/aibq.qc.ca\/\"><img decoding=\"async\" src=\"http:\/\/www.inspectionsh.com\/wp-content\/uploads\/2023\/03\/AIBQ124-1.png\" alt=\"\"\/><\/a><\/figure>\n<\/div><\/div>\n","protected":false},"excerpt":{"rendered":"<p>L\u2019inspection de b\u00e2timents r\u00e9sidentiels est une discipline unique et distincte des autres disciplines comme la construction, l\u2019ing\u00e9nierie, l\u2019architecture, l\u2019\u00e9valuation immobili\u00e8re ou l\u2019inspection municipale. \u00c9tant membre de l&rsquo;AIBQ, vous \u00eates assur\u00e9 que nos inspections respectent des normes strictes. Afin d&rsquo;\u00eatre reconnus comme inspecteur, les membres doivent r\u00e9ussir des examens permettant de &hellip;<\/p>\n","protected":false},"author":1,"featured_media":0,"parent":0,"menu_order":0,"comment_status":"closed","ping_status":"closed","template":"","meta":{"footnotes":""},"class_list":["post-69","page","type-page","status-publish","hentry"],"_links":{"self":[{"href":"https:\/\/www.inspectionsh.com\/index.php\/wp-json\/wp\/v2\/pages\/69","targetHints":{"allow":["GET"]}}],"collection":[{"href":"https:\/\/www.inspectionsh.com\/index.php\/wp-json\/wp\/v2\/pages"}],"about":[{"href":"https:\/\/www.inspectionsh.com\/index.php\/wp-json\/wp\/v2\/types\/page"}],"author":[{"embeddable":true,"href":"https:\/\/www.inspectionsh.com\/index.php\/wp-json\/wp\/v2\/users\/1"}],"replies":[{"embeddable":true,"href":"https:\/\/www.inspectionsh.com\/index.php\/wp-json\/wp\/v2\/comments?post=69"}],"version-history":[{"count":14,"href":"https:\/\/www.inspectionsh.com\/index.php\/wp-json\/wp\/v2\/pages\/69\/revisions"}],"predecessor-version":[{"id":975,"href":"https:\/\/www.inspectionsh.com\/index.php\/wp-json\/wp\/v2\/pages\/69\/revisions\/975"}],"wp:attachment":[{"href":"https:\/\/www.inspectionsh.com\/index.php\/wp-json\/wp\/v2\/media?parent=69"}],"curies":[{"name":"wp","href":"https:\/\/api.w.org\/{rel}","templated":true}]}}