{"id":36,"date":"2023-02-28T15:07:27","date_gmt":"2023-02-28T20:07:27","guid":{"rendered":"http:\/\/www.inspectionsh.com\/?page_id=36"},"modified":"2024-03-04T08:09:02","modified_gmt":"2024-03-04T13:09:02","slug":"services-connexes","status":"publish","type":"page","link":"https:\/\/www.inspectionsh.com\/index.php\/services-connexes\/","title":{"rendered":"Services connexes"},"content":{"rendered":"\n<div class=\"wp-block-group alignfull\"><div class=\"wp-block-group__inner-container is-layout-constrained wp-block-group-is-layout-constrained\">\n<div class=\"wp-block-columns is-layout-flex wp-container-core-columns-is-layout-b588c0fb wp-block-columns-is-layout-flex\" style=\"padding-left:var(--wp--preset--spacing--20)\">\n<div class=\"wp-block-column is-layout-flow wp-block-column-is-layout-flow\" style=\"flex-basis:5%\"><\/div>\n\n\n\n<div class=\"wp-block-column is-layout-flow wp-block-column-is-layout-flow\" style=\"flex-basis:30%\"><div class=\"wp-block-image\">\n<figure class=\"alignright size-large\"><img decoding=\"async\" src=\"http:\/\/www.inspectionsh.com\/wp-content\/uploads\/2023\/04\/TestEau.jpg\" alt=\"\"\/><\/figure>\n<\/div><\/div>\n\n\n\n<div class=\"wp-block-column is-layout-flow wp-block-column-is-layout-flow\">\n<h2 class=\"wp-block-heading\">Analyse d&rsquo;eau<\/h2>\n\n\n\n<p class=\"has-text-align-left\">Lors d&rsquo;une inspection et que l&rsquo;alimentation en eau potable ne provient pas de la municipalit\u00e9, il est souvent demand\u00e9 par les institutions financi\u00e8res qu&rsquo;une analyse d&rsquo;eau soit r\u00e9alis\u00e9e. Nous vous offrons le service de prise d&rsquo;\u00e9chantillon et nous nous assurons du processus de suivi avec les laboratoires d&rsquo;analyse. Le r\u00e9sultat de l&rsquo;analyse vous est transmis d\u00e8s sa r\u00e9ception g\u00e9n\u00e9ralement sous 48 heures.<\/p>\n<\/div>\n\n\n\n<div class=\"wp-block-column is-layout-flow wp-block-column-is-layout-flow\" style=\"flex-basis:5%\"><\/div>\n<\/div>\n\n\n\n<div class=\"wp-block-columns is-layout-flex wp-container-core-columns-is-layout-b588c0fb wp-block-columns-is-layout-flex\" style=\"padding-left:var(--wp--preset--spacing--20)\">\n<div class=\"wp-block-column is-layout-flow wp-block-column-is-layout-flow\" style=\"flex-basis:5%\"><\/div>\n\n\n\n<div class=\"wp-block-column is-layout-flow wp-block-column-is-layout-flow\" style=\"flex-basis:30%\"><div class=\"wp-block-image\">\n<figure class=\"alignright size-large\"><img decoding=\"async\" src=\"http:\/\/www.inspectionsh.com\/wp-content\/uploads\/2023\/04\/Amiante.jpg\" alt=\"\"\/><\/figure>\n<\/div><\/div>\n\n\n\n<div class=\"wp-block-column is-layout-flow wp-block-column-is-layout-flow\">\n<h2 class=\"wp-block-heading\">Analyse d&rsquo;amiante<\/h2>\n\n\n\n<p>Au Qu\u00e9bec, l&rsquo;industrie de la construction a eu recours aux produits et mat\u00e9riaux contenant de l&rsquo;amiante surtout entre les ann\u00e9es 1930 et 1990. Il est donc possible de trouver de l&rsquo;amiante en divers endroits dans les b\u00e2timents r\u00e9sidentiels construits ou r\u00e9nov\u00e9s \u00e0 cette \u00e9poque. L&rsquo;amiante ne peut \u00eatre identifi\u00e9 dans les mat\u00e9riaux de construction que par une analyse en laboratoire. Lors de notre inspection, si des mat\u00e9riaux potentiellement contamin\u00e9s sont pr\u00e9sents, nous pouvons en r\u00e9cup\u00e9rer des \u00e9chantillons afin de les acheminer \u00e0 un laboratoire agr\u00e9\u00e9. Le r\u00e9sultat de l&rsquo;analyse vous est transmis d\u00e8s sa r\u00e9ception g\u00e9n\u00e9ralement sous 72 heures.<\/p>\n<\/div>\n\n\n\n<div class=\"wp-block-column is-layout-flow wp-block-column-is-layout-flow\" style=\"flex-basis:5%\"><\/div>\n<\/div>\n\n\n\n<div class=\"wp-block-columns is-layout-flex wp-container-core-columns-is-layout-b588c0fb wp-block-columns-is-layout-flex\" style=\"padding-left:var(--wp--preset--spacing--20)\">\n<div class=\"wp-block-column is-layout-flow wp-block-column-is-layout-flow\" style=\"flex-basis:5%\"><\/div>\n\n\n\n<div class=\"wp-block-column is-layout-flow wp-block-column-is-layout-flow\" style=\"flex-basis:30%\"><div class=\"wp-block-image\">\n<figure class=\"alignright size-large\"><img decoding=\"async\" src=\"http:\/\/www.inspectionsh.com\/wp-content\/uploads\/2023\/04\/Bilan-de-sante_2.jpg\" alt=\"\"\/><\/figure>\n<\/div><\/div>\n\n\n\n<div class=\"wp-block-column is-layout-flow wp-block-column-is-layout-flow\">\n<h2 class=\"wp-block-heading\">Bilan de sant\u00e9<\/h2>\n\n\n\n<p>Ce service est offert aux propri\u00e9taires d\u00e9sirant conna\u00eetre la condition de leur b\u00e2timent. Il a pour but principal d\u2019identifier les priorit\u00e9s en mati\u00e8re d\u2019entretien, de r\u00e9parations et de pr\u00e9vention afin de maintenir la bonne condition de leur b\u00e2timent pour des ann\u00e9es \u00e0 venir. Au m\u00eame titre qu&rsquo;une inspection pr\u00e9vente ou pr\u00e9achat, un rapport d&rsquo;inspection est fourni en respect des m\u00eames crit\u00e8res. Ce rapport peut ainsi devenir une r\u00e9f\u00e9rence afin de faire un suivi de l&rsquo;entretien du b\u00e2timent.<\/p>\n<\/div>\n\n\n\n<div class=\"wp-block-column is-layout-flow wp-block-column-is-layout-flow\" style=\"flex-basis:5%\"><\/div>\n<\/div>\n\n\n\n<div class=\"wp-block-columns is-layout-flex wp-container-core-columns-is-layout-b588c0fb wp-block-columns-is-layout-flex\" style=\"padding-left:var(--wp--preset--spacing--20)\">\n<div class=\"wp-block-column is-layout-flow wp-block-column-is-layout-flow\" style=\"flex-basis:5%\"><\/div>\n\n\n\n<div class=\"wp-block-column is-layout-flow wp-block-column-is-layout-flow\" style=\"flex-basis:30%\"><div class=\"wp-block-image\">\n<figure class=\"alignright size-large\"><img decoding=\"async\" src=\"http:\/\/www.inspectionsh.com\/wp-content\/uploads\/2023\/04\/SC_4.jpg\" alt=\"\"\/><\/figure>\n<\/div><\/div>\n\n\n\n<div class=\"wp-block-column is-layout-flow wp-block-column-is-layout-flow\">\n<h2 class=\"wp-block-heading\">Expertise<\/h2>\n\n\n\n<p>Ce service est g\u00e9n\u00e9ralement sp\u00e9cifique \u00e0 une composante ou un ensemble de composantes d&rsquo;un b\u00e2timent, ou en pr\u00e9sence d&rsquo;un probl\u00e8me particulier. Le but \u00e9tant d&rsquo;offrir une opinion externe et impartiale sur une situation particuli\u00e8re, afin de la corriger ou d&rsquo;entreprendre des d\u00e9marches en ce sens. Ce type de service peut aussi \u00eatre requis par exemple lors d&rsquo;une poursuite judiciaire. Un rapport sp\u00e9cifique est alors produit suite au passage de l&rsquo;inspecteur, expliquant de fa\u00e7on d\u00e9taill\u00e9e le probl\u00e8me rencontr\u00e9, les causes identifi\u00e9es, et les correctifs qui pourraient \u00eatre apport\u00e9s. Lors de ce type d&rsquo;intervention, avec l&rsquo;accord de parties impliqu\u00e9es l&rsquo;inspecteur peut aller plus loin que l&rsquo;inspection visuelle, afin d&rsquo;affiner son analyse.<\/p>\n<\/div>\n\n\n\n<div class=\"wp-block-column is-layout-flow wp-block-column-is-layout-flow\" style=\"flex-basis:5%\"><\/div>\n<\/div>\n<\/div><\/div>\n","protected":false},"excerpt":{"rendered":"<p>Analyse d&rsquo;eau Lors d&rsquo;une inspection et que l&rsquo;alimentation en eau potable ne provient pas de la municipalit\u00e9, il est souvent demand\u00e9 par les institutions financi\u00e8res qu&rsquo;une analyse d&rsquo;eau soit r\u00e9alis\u00e9e. Nous vous offrons le service de prise d&rsquo;\u00e9chantillon et nous nous assurons du processus de suivi avec les laboratoires d&rsquo;analyse. &hellip;<\/p>\n","protected":false},"author":1,"featured_media":0,"parent":0,"menu_order":4,"comment_status":"closed","ping_status":"closed","template":"","meta":{"footnotes":""},"class_list":["post-36","page","type-page","status-publish","hentry"],"_links":{"self":[{"href":"https:\/\/www.inspectionsh.com\/index.php\/wp-json\/wp\/v2\/pages\/36","targetHints":{"allow":["GET"]}}],"collection":[{"href":"https:\/\/www.inspectionsh.com\/index.php\/wp-json\/wp\/v2\/pages"}],"about":[{"href":"https:\/\/www.inspectionsh.com\/index.php\/wp-json\/wp\/v2\/types\/page"}],"author":[{"embeddable":true,"href":"https:\/\/www.inspectionsh.com\/index.php\/wp-json\/wp\/v2\/users\/1"}],"replies":[{"embeddable":true,"href":"https:\/\/www.inspectionsh.com\/index.php\/wp-json\/wp\/v2\/comments?post=36"}],"version-history":[{"count":24,"href":"https:\/\/www.inspectionsh.com\/index.php\/wp-json\/wp\/v2\/pages\/36\/revisions"}],"predecessor-version":[{"id":981,"href":"https:\/\/www.inspectionsh.com\/index.php\/wp-json\/wp\/v2\/pages\/36\/revisions\/981"}],"wp:attachment":[{"href":"https:\/\/www.inspectionsh.com\/index.php\/wp-json\/wp\/v2\/media?parent=36"}],"curies":[{"name":"wp","href":"https:\/\/api.w.org\/{rel}","templated":true}]}}