{"id":16,"date":"2023-02-26T14:22:16","date_gmt":"2023-02-26T19:22:16","guid":{"rendered":"http:\/\/www.inspectionsh.com\/?page_id=16"},"modified":"2024-03-04T08:08:15","modified_gmt":"2024-03-04T13:08:15","slug":"inspection-prereception","status":"publish","type":"page","link":"https:\/\/www.inspectionsh.com\/index.php\/inspection-prereception\/","title":{"rendered":"Inspection pr\u00e9r\u00e9ception"},"content":{"rendered":"\n<div class=\"wp-block-columns is-layout-flex wp-container-core-columns-is-layout-9d6595d7 wp-block-columns-is-layout-flex\">\n<div class=\"wp-block-column is-layout-flow wp-block-column-is-layout-flow\" style=\"flex-basis:50%\">\n<p>L\u2019inspection pr\u00e9r\u00e9ception repr\u00e9sente une \u00e9tape cruciale lors de l\u2019achat d\u2019une propri\u00e9t\u00e9 ou d\u2019une copropri\u00e9t\u00e9 enti\u00e8rement neuve. Quel que soit le type de b\u00e2timent vis\u00e9 par une garantie de construction neuve, une inspection avant la r\u00e9ception est requise par le <a href=\"https:\/\/www.legisquebec.gouv.qc.ca\/fr\/document\/rc\/B-1.1,%20r.%208\"><strong>\u00ab\u00a0R\u00e8glement sur le plan de garantie des b\u00e2timents r\u00e9sidentiels neufs\u00a0\u00bb<\/strong>. <\/a><\/p>\n\n\n\n<p>Cette inspection, qui se fait conjointement entre vous et votre entrepreneur, sert \u00e0 examiner les diff\u00e9rentes composantes de votre habitation afin de d\u00e9celer les travaux \u00e0 parachever, les d\u00e9fauts et malfa\u00e7ons apparentes, ainsi que les vices de construction. Le cas \u00e9ch\u00e9ant, votre entrepreneur aura \u00e0 effectuer des travaux correctifs en fonction de ce que vous lui aurez identifi\u00e9.<\/p>\n\n\n\n<p>\u00c0 moins de travailler dans le domaine de la construction, il y a de bonnes chances que vos connaissances dans ce domaine soient limit\u00e9es. L&rsquo;inspection accompagn\u00e9e de votre entrepreneur pourrait ne pas \u00eatre optimale, car vous n&rsquo;\u00eates pas au fait des normes et techniques de construction. En \u00e9tant accompagn\u00e9 d\u2019un inspecteur en b\u00e2timent, celui-ci pourrait d\u00e9celer des \u00e9l\u00e9ments probl\u00e9matiques que vous n\u2019auriez pas vus. <\/p>\n\n\n\n<p>Un professionnel du b\u00e2timent neutre pourra aller plus loin dans son inspection, et pourrait d\u00e9couvrir des \u00e9l\u00e9ments probl\u00e9matiques qui, s\u2019ils ne sont pas corrig\u00e9s, pourraient entra\u00eener une d\u00e9gradation pr\u00e9matur\u00e9e du b\u00e2timent. En outre, ils pourraient \u00eatre d\u00e9couverts que plus tard, apr\u00e8s l&rsquo;\u00e9ch\u00e9ance de votre plan de garanties. Vaut donc mieux d\u00e9couvrir un \u00e9l\u00e9ment probl\u00e9matique plus t\u00f4t que trop tard.<\/p>\n\n\n\n<p>Le rapport produit lors d&rsquo;une inspection pr\u00e9r\u00e9ception diff\u00e8re d\u2019un rapport pr\u00e9achat puisqu\u2019il s\u2019appuie directement sur les articles du code du b\u00e2timent en vigueur lors de la construction. Si des modifications sont requises, elles seront identifi\u00e9es au rapport d&rsquo;inspection et r\u00e9f\u00e9renc\u00e9es selon les articles du code applicables.<\/p>\n<\/div>\n\n\n\n<div class=\"wp-block-column is-layout-flow wp-block-column-is-layout-flow\" style=\"flex-basis:50%\">\n<figure class=\"wp-block-image size-large is-resized\"><img decoding=\"async\" src=\"http:\/\/www.inspectionsh.com\/wp-content\/uploads\/2023\/04\/PR_2.jpg\" alt=\"\" style=\"width:450px;height:300px\"\/><\/figure>\n\n\n\n<figure class=\"wp-block-image size-large is-resized\"><img decoding=\"async\" src=\"http:\/\/www.inspectionsh.com\/wp-content\/uploads\/2023\/04\/Acc_preception.jpg\" alt=\"\" style=\"width:450px;height:300px\"\/><\/figure>\n<\/div>\n<\/div>\n","protected":false},"excerpt":{"rendered":"<p>L\u2019inspection pr\u00e9r\u00e9ception repr\u00e9sente une \u00e9tape cruciale lors de l\u2019achat d\u2019une propri\u00e9t\u00e9 ou d\u2019une copropri\u00e9t\u00e9 enti\u00e8rement neuve. Quel que soit le type de b\u00e2timent vis\u00e9 par une garantie de construction neuve, une inspection avant la r\u00e9ception est requise par le \u00ab\u00a0R\u00e8glement sur le plan de garantie des b\u00e2timents r\u00e9sidentiels neufs\u00a0\u00bb. Cette &hellip;<\/p>\n","protected":false},"author":1,"featured_media":0,"parent":0,"menu_order":3,"comment_status":"closed","ping_status":"closed","template":"","meta":{"footnotes":""},"class_list":["post-16","page","type-page","status-publish","hentry"],"_links":{"self":[{"href":"https:\/\/www.inspectionsh.com\/index.php\/wp-json\/wp\/v2\/pages\/16","targetHints":{"allow":["GET"]}}],"collection":[{"href":"https:\/\/www.inspectionsh.com\/index.php\/wp-json\/wp\/v2\/pages"}],"about":[{"href":"https:\/\/www.inspectionsh.com\/index.php\/wp-json\/wp\/v2\/types\/page"}],"author":[{"embeddable":true,"href":"https:\/\/www.inspectionsh.com\/index.php\/wp-json\/wp\/v2\/users\/1"}],"replies":[{"embeddable":true,"href":"https:\/\/www.inspectionsh.com\/index.php\/wp-json\/wp\/v2\/comments?post=16"}],"version-history":[{"count":12,"href":"https:\/\/www.inspectionsh.com\/index.php\/wp-json\/wp\/v2\/pages\/16\/revisions"}],"predecessor-version":[{"id":980,"href":"https:\/\/www.inspectionsh.com\/index.php\/wp-json\/wp\/v2\/pages\/16\/revisions\/980"}],"wp:attachment":[{"href":"https:\/\/www.inspectionsh.com\/index.php\/wp-json\/wp\/v2\/media?parent=16"}],"curies":[{"name":"wp","href":"https:\/\/api.w.org\/{rel}","templated":true}]}}