{"id":12,"date":"2023-02-26T14:19:57","date_gmt":"2023-02-26T19:19:57","guid":{"rendered":"http:\/\/www.inspectionsh.com\/?page_id=12"},"modified":"2024-03-04T08:07:39","modified_gmt":"2024-03-04T13:07:39","slug":"inspection-prevente","status":"publish","type":"page","link":"https:\/\/www.inspectionsh.com\/index.php\/inspection-prevente\/","title":{"rendered":"Inspection pr\u00e9vente"},"content":{"rendered":"\n<div class=\"wp-block-columns is-layout-flex wp-container-core-columns-is-layout-9d6595d7 wp-block-columns-is-layout-flex\">\n<div class=\"wp-block-column is-layout-flow wp-block-column-is-layout-flow\" style=\"flex-basis:50%\">\n<div class=\"wp-block-group is-vertical is-content-justification-right is-layout-flex wp-container-core-group-is-layout-b6c475e2 wp-block-group-is-layout-flex\">\n<figure class=\"wp-block-image size-large\"><img decoding=\"async\" src=\"http:\/\/www.inspectionsh.com\/wp-content\/uploads\/2023\/04\/PV_1.jpg\" alt=\"\"\/><\/figure>\n\n\n<div class=\"wp-block-image\">\n<figure class=\"alignright size-large is-resized\"><img decoding=\"async\" src=\"http:\/\/www.inspectionsh.com\/wp-content\/uploads\/2023\/04\/Acc_pvente.jpg\" alt=\"\" style=\"width:450px;height:300px\"\/><\/figure>\n<\/div><\/div>\n<\/div>\n\n\n\n<div class=\"wp-block-column is-layout-flow wp-block-column-is-layout-flow\" style=\"flex-basis:50%\">\n<p>Vous souhaitez vendre votre propri\u00e9t\u00e9? \u00c9vitez les mauvaises surprises et les d\u00e9couvertes inattendues durant l\u2019inspection effectu\u00e9e par votre acheteur. Tout comme l\u2019inspection pr\u00e9achat, l\u2019inspection pr\u00e9vente est ex\u00e9cut\u00e9e selon les m\u00eames normes et a pour objectif de vous informer sur les d\u00e9sordres apparents, causant ou ayant un potentiel de causer un pr\u00e9judice \u00e0 votre propri\u00e9t\u00e9. Apr\u00e8s l&rsquo;inspection, un rapport vous ait remis sous 48 heures.<\/p>\n\n\n\n<p>Vous pourrez alors prendre le temps n\u00e9cessaire afin d&rsquo;obtenir des estimations raisonnables des co\u00fbts de r\u00e9paration, proc\u00e9der aux travaux correctifs avant l&rsquo;inspection de futurs acheteurs, ou simplement les d\u00e9clarer dans votre d\u00e9claration du vendeur afin qu&rsquo;ils en soient inform\u00e9s. <\/p>\n\n\n\n<p>Vous aurez ainsi l\u2019esprit tranquille et pourrez d\u00e9montrer aux acheteurs potentiels que vous \u00eates de bonne foi, facilitant ainsi le processus de vente. \u00c9vitez donc les longues n\u00e9gociations et les retards de derni\u00e8re minute, et justifiez votre prix en faisant pr\u00e9inspecter votre maison d\u00e8s maintenant.<\/p>\n<\/div>\n<\/div>\n","protected":false},"excerpt":{"rendered":"<p>Vous souhaitez vendre votre propri\u00e9t\u00e9? \u00c9vitez les mauvaises surprises et les d\u00e9couvertes inattendues durant l\u2019inspection effectu\u00e9e par votre acheteur. Tout comme l\u2019inspection pr\u00e9achat, l\u2019inspection pr\u00e9vente est ex\u00e9cut\u00e9e selon les m\u00eames normes et a pour objectif de vous informer sur les d\u00e9sordres apparents, causant ou ayant un potentiel de causer un &hellip;<\/p>\n","protected":false},"author":1,"featured_media":0,"parent":0,"menu_order":2,"comment_status":"closed","ping_status":"closed","template":"","meta":{"footnotes":""},"class_list":["post-12","page","type-page","status-publish","hentry"],"_links":{"self":[{"href":"https:\/\/www.inspectionsh.com\/index.php\/wp-json\/wp\/v2\/pages\/12","targetHints":{"allow":["GET"]}}],"collection":[{"href":"https:\/\/www.inspectionsh.com\/index.php\/wp-json\/wp\/v2\/pages"}],"about":[{"href":"https:\/\/www.inspectionsh.com\/index.php\/wp-json\/wp\/v2\/types\/page"}],"author":[{"embeddable":true,"href":"https:\/\/www.inspectionsh.com\/index.php\/wp-json\/wp\/v2\/users\/1"}],"replies":[{"embeddable":true,"href":"https:\/\/www.inspectionsh.com\/index.php\/wp-json\/wp\/v2\/comments?post=12"}],"version-history":[{"count":12,"href":"https:\/\/www.inspectionsh.com\/index.php\/wp-json\/wp\/v2\/pages\/12\/revisions"}],"predecessor-version":[{"id":979,"href":"https:\/\/www.inspectionsh.com\/index.php\/wp-json\/wp\/v2\/pages\/12\/revisions\/979"}],"wp:attachment":[{"href":"https:\/\/www.inspectionsh.com\/index.php\/wp-json\/wp\/v2\/media?parent=12"}],"curies":[{"name":"wp","href":"https:\/\/api.w.org\/{rel}","templated":true}]}}